{"id":2,"date":"2021-11-29T18:35:35","date_gmt":"2021-11-29T18:35:35","guid":{"rendered":"http:\/\/192.168.1.131\/?page_id=2"},"modified":"2024-12-22T19:53:02","modified_gmt":"2024-12-22T18:53:02","slug":"sample-page","status":"publish","type":"page","link":"https:\/\/fbkbat.synology.me\/?page_id=2","title":{"rendered":"Medlemsans\u00f6kan"},"content":{"rendered":"\n<p>F\u00f6r att ans\u00f6ka om medlemskap till Figeholms b\u00e5tklubb, v\u00e4nligen fyll i uppgifter nedan samt tryck p\u00e5 &#8221;Skicka&#8221;. Om ans\u00f6kan avser juniorer skall ans\u00f6kan utf\u00f6ras av m\u00e5lsman och dennes uppgifter.<\/p>\n\n\n\n<div id=\"wpmem_reg\"><a id=\"register\"><\/a><form name=\"form\" method=\"post\" action=\"https:\/\/fbkbat.synology.me\/?page_id=2\" id=\"wpmem_register_form\" class=\"form\"><input type=\"hidden\" id=\"_wpmem_register_nonce\" name=\"_wpmem_register_nonce\" value=\"cf6ac10520\" \/><input type=\"hidden\" name=\"_wp_http_referer\" value=\"\/index.php?rest_route=%2Fwp%2Fv2%2Fpages%2F2\" \/><fieldset><legend>Ny anv\u00e4ndarregistrering<\/legend><label for=\"username\" class=\"text\">F\u00f6r- och Efternamn<span class=\"req\">*<\/span><\/label><div class=\"div_text\"><input name=\"username\" type=\"text\" id=\"username\" value=\"\" class=\"textbox\" required  \/><\/div><label for=\"billing_address_1\" class=\"text\">Gatuadress<span class=\"req\">*<\/span><\/label><div class=\"div_text\"><input name=\"billing_address_1\" type=\"text\" id=\"billing_address_1\" value=\"\" class=\"textbox\" required  \/><\/div><label for=\"billing_city\" class=\"text\">Ort<span class=\"req\">*<\/span><\/label><div class=\"div_text\"><input name=\"billing_city\" type=\"text\" id=\"billing_city\" value=\"\" class=\"textbox\" required  \/><\/div><label for=\"billing_postcode\" class=\"text\">Post nr<span class=\"req\">*<\/span><\/label><div class=\"div_text\"><input name=\"billing_postcode\" type=\"text\" id=\"billing_postcode\" value=\"\" class=\"textbox\" required  \/><\/div><label for=\"billing_phone\" class=\"text\">Telefon<span class=\"req\">*<\/span><\/label><div class=\"div_text\"><input name=\"billing_phone\" type=\"text\" id=\"billing_phone\" value=\"\" class=\"textbox\" required  \/><\/div><label for=\"user_email\" class=\"text\">E-postadress<span class=\"req\">*<\/span><\/label><div class=\"div_text\"><input name=\"user_email\" type=\"email\" id=\"user_email\" value=\"\" class=\"textbox\" required  \/><\/div><label for=\"Fodelsdatum\" class=\"text\">F\u00f6delsedatum<span class=\"req\">*<\/span><\/label><div class=\"div_text\"><input name=\"Fodelsdatum\" type=\"text\" id=\"Fodelsdatum\" value=\"\" class=\"textbox\" placeholder=\"ex. 611005-2431\" required  \/><\/div><label for=\"Medlemskategori\" class=\"select\">Medlemskategori<span class=\"req\">*<\/span><\/label><div class=\"div_select\"><select name=\"Medlemskategori\" id=\"Medlemskategori\" class=\"dropdown\" required ><option value=\"\">---- V\u00e4lj medlemskategori ----<\/option><option value=\"Senior\">Senior<\/option><option value=\"Seniorpar\">Seniorpar<\/option><option value=\"Familj\">Familj<\/option><option value=\"Pension\u00e4r\">Pension\u00e4r<\/option><option value=\"Pension\u00e4rspar\">Pension\u00e4rspar<\/option><option value=\"Senior som s\u00f6ker f\u00f6r junior\">Senior som s\u00f6ker f\u00f6r junior<\/option><\/select><\/div><label for=\"Batplats\" class=\"select\">Behov av b\u00e5tplats?<\/label><div class=\"div_select\"><select name=\"Batplats\" id=\"Batplats\" class=\"dropdown\"><option value=\"\">---- B\u00e5tplats? ----<\/option><option value=\"Beh\u00f6ver ingen b\u00e5tplats\">Jag beh\u00f6ver ingen b\u00e5tplats<\/option><option value=\"Beh\u00f6ver en b\u00e5tplats smalare \u00e4n 2m\">Jag beh\u00f6ver en plats smalare \u00e4n 2m<\/option><option value=\"Beh\u00f6ver en b\u00e5tplats mellan 2-2.5m\">Jag beh\u00f6ver en plats mellan 2-2.5m<\/option><option value=\"Beh\u00f6ver en b\u00e5tplats mellan 2.5-3m\">Jag beh\u00f6ver en plats mellan 2.5-3m<\/option><option value=\"Beh\u00f6ver en b\u00e5tplats mellan 3-3.5m\">Jag beh\u00f6ver en plats mellan 3-3.5m<\/option><option value=\"Beh\u00f6ver en b\u00e5tplats mellan 3.5-4m\">Jag beh\u00f6ver en plats mellan 3.5-4m<\/option><option value=\"Beh\u00f6ver en b\u00e5tplats bredare \u00e4n 4m\">Jag beh\u00f6ver en plats bredare \u00e4n 4m<\/option><\/select><\/div><label for=\"Battyp\" class=\"select\">Typ av b\u00e5t?<\/label><div class=\"div_select\"><select name=\"Battyp\" id=\"Battyp\" class=\"dropdown\"><option value=\"\">------ B\u00e5ttyp ------<\/option><option value=\"Har ingen b\u00e5t\">Jag har ingen b\u00e5t<\/option><option value=\"Planerar att skaffa segelb\u00e5t\">Planerar att skaffa Segelb\u00e5t<\/option><option value=\"Planerar att skaffa motorb\u00e5t\">Planerar att skaffa motorb\u00e5t<\/option><option value=\"Har en motorb\u00e5t\">Jag har motorb\u00e5t<\/option><option value=\"Har en segelb\u00e5t\">Jag har segelb\u00e5t<\/option><\/select><\/div><label for=\"Batmodell\" class=\"text\">B\u00e5tmodell<\/label><div class=\"div_text\"><input name=\"Batmodell\" type=\"text\" id=\"Batmodell\" value=\"\" class=\"textbox\" placeholder=\"---- B\u00e5tmodell? ----\" \/><\/div><label for=\"description\" class=\"textarea\">Juniorers namn och personnummer<\/label><div class=\"div_textarea\"><textarea cols=\"1\" rows=\"4\" name=\"description\" id=\"description\" class=\"textarea\" placeholder=\"ev. ange juniorer eller meddelande\"><\/textarea><\/div><input name=\"a\" type=\"hidden\" value=\"register\" \/><input name=\"wpmem_reg_page\" type=\"hidden\" value=\"https:\/\/fbkbat.synology.me\/?page_id=2\" \/><div class=\"button_div\"><input name=\"submit\" type=\"submit\" value=\"Registrera\" class=\"buttons\" \/><\/div><div class=\"req-text\"><span class=\"req\">*<\/span>Obligatoriskt f\u00e4lt<\/div><\/fieldset><\/form><\/div>\n\n\n\n<p>Som medlem i B\u00e5tklubben erh\u00e5ller du \u00e4ven tidningen B\u00e5tliv. Detta kr\u00e4ver dock att du fyllt i komplett personnummer under &#8221;F\u00f6delsedata&#8221;.<\/p>\n\n\n\n<p>Klubbens <a rel=\"noreferrer noopener\" href=\"http:\/\/www.fbk.nu\/Klubbinformation\/Medlemsinformation\/Prislista.aspx\" target=\"_blank\">avgifter framg\u00e5r h\u00e4r<\/a>.<\/p>\n\n\n\n<p style=\"line-height:1.4\">Om det finns behov av b\u00e5tplats m\u00e5ste den s\u00f6kande \u00e4ven kontakta <a rel=\"noreferrer noopener\" href=\"http:\/\/www.fbk.nu\/Klubbinformation\/Styrelse.aspx\" target=\"_blank\">b\u00e5tplatsansvarig<\/a> f\u00f6r att finna en l\u00e4mplig plats. <a href=\"http:\/\/www.fbk.nu\/Klubbinformation\/Medlemsinformation\/Baatplatskoe.aspx\" target=\"_blank\" rel=\"noreferrer noopener\">Bryggplatser som administreras av b\u00e5tklubben finns h\u00e4r<\/a>. <\/p>\n\n\n\n<p>\u00d6vrig information om klubbens verksamhet finns p\u00e5 klubbens hemsida <a href=\"http:\/\/www.fbk.nu\" data-type=\"URL\" data-id=\"www.fbk.nu\">www.fbk.nu<\/a><\/p>\n","protected":false},"excerpt":{"rendered":"<p>F\u00f6r att ans\u00f6ka om medlemskap till Figeholms b\u00e5tklubb, v\u00e4nligen fyll i uppgifter nedan samt tryck p\u00e5 &#8221;Skicka&#8221;. Om ans\u00f6kan avser juniorer skall ans\u00f6kan utf\u00f6ras av m\u00e5lsman och dennes uppgifter. Som medlem i B\u00e5tklubben erh\u00e5ller du \u00e4ven tidningen B\u00e5tliv. Detta kr\u00e4ver dock att du fyllt i komplett personnummer under &#8221;F\u00f6delsedata&#8221;. Klubbens avgifter framg\u00e5r h\u00e4r. Om det&hellip; <a class=\"more-link\" href=\"https:\/\/fbkbat.synology.me\/?page_id=2\">Forts\u00e4tt l\u00e4sa <span class=\"screen-reader-text\">Medlemsans\u00f6kan<\/span><\/a><\/p>\n","protected":false},"author":1,"featured_media":0,"parent":0,"menu_order":0,"comment_status":"closed","ping_status":"open","template":"","meta":{"footnotes":""},"class_list":["post-2","page","type-page","status-publish","hentry","entry"],"_links":{"self":[{"href":"https:\/\/fbkbat.synology.me\/index.php?rest_route=\/wp\/v2\/pages\/2","targetHints":{"allow":["GET"]}}],"collection":[{"href":"https:\/\/fbkbat.synology.me\/index.php?rest_route=\/wp\/v2\/pages"}],"about":[{"href":"https:\/\/fbkbat.synology.me\/index.php?rest_route=\/wp\/v2\/types\/page"}],"author":[{"embeddable":true,"href":"https:\/\/fbkbat.synology.me\/index.php?rest_route=\/wp\/v2\/users\/1"}],"replies":[{"embeddable":true,"href":"https:\/\/fbkbat.synology.me\/index.php?rest_route=%2Fwp%2Fv2%2Fcomments&post=2"}],"version-history":[{"count":17,"href":"https:\/\/fbkbat.synology.me\/index.php?rest_route=\/wp\/v2\/pages\/2\/revisions"}],"predecessor-version":[{"id":853,"href":"https:\/\/fbkbat.synology.me\/index.php?rest_route=\/wp\/v2\/pages\/2\/revisions\/853"}],"wp:attachment":[{"href":"https:\/\/fbkbat.synology.me\/index.php?rest_route=%2Fwp%2Fv2%2Fmedia&parent=2"}],"curies":[{"name":"wp","href":"https:\/\/api.w.org\/{rel}","templated":true}]}}