{"id":38,"date":"2026-04-13T01:00:00","date_gmt":"2026-04-12T23:00:00","guid":{"rendered":"http:\/\/192.168.1.3\/?page_id=38"},"modified":"2026-04-13T20:45:38","modified_gmt":"2026-04-13T18:45:38","slug":"anmalan-som-gasthamnsvard","status":"publish","type":"page","link":"https:\/\/fbkbat.synology.me\/?page_id=38","title":{"rendered":"Anm\u00e4lan som g\u00e4sthamnsv\u00e4rd"},"content":{"rendered":"\n<p>Figeholms B\u00e5tklubb \u00f6ppnar sin g\u00e4sthamn och st\u00e4llplats den 8 maj och st\u00e4nger den 19 september. Under l\u00e5gs\u00e4songen \u00e4r g\u00e4sthamnen bemannad med en g\u00e4sthamnsv\u00e4rd mellan klockan 17.00-18.00. Under h\u00f6gs\u00e4songen bemannas hamnkontoret med g\u00e4sthamnsv\u00e4rd mellan klockan 17.00-19.00.<\/p>\n\n\n\n<p>V\u00e5ra b\u00e5tg\u00e4ster betalar i f\u00f6rsta hand med appen Dockspot och v\u00e5ra husbilsg\u00e4ster med appen Campingspot. I andra hand betalas avgiften i hamnkontoret till hamnv\u00e4rden.<\/p>\n\n\n\n<p>Hamnv\u00e4rden avslutar sitt pass med att kontrollera att samtliga g\u00e4ster har betalat hamn- eller st\u00e4llplatsavgift. Markera datum nedan i kalendern f\u00f6r de dagar du kan vara g\u00e4sthamnsv\u00e4rd. Avl\u00e4mning mellan g\u00e4sthamnsv\u00e4rdar sker normalt kv\u00e4llen f\u00f6re skifte d\u00e5 nycklar och g\u00e4sthamnstelefonen \u00f6verl\u00e4mnas.<\/p>\n\n\n\n<p>V\u00e4lj helst antingen:<br>M\u00e5ndag-S\u00f6ndag (Hel vecka) eller<br>M\u00e5ndag-Onsdag eller<br>M\u00e5ndag-Torsdag eller<br>Torsdag-S\u00f6ndag eller<br>Fredag &#8211; S\u00f6ndag<\/p>\n\n\n\n<div class=\"wp-block-columns is-layout-flex wp-container-core-columns-is-layout-1 wp-block-columns-is-layout-flex\">\n<div class=\"wp-block-column is-layout-flow wp-block-column-is-layout-flow\" style=\"flex-basis:100%\">\n<div class=\"wp-block-group\"><div class=\"wp-block-group__inner-container is-layout-flow wp-block-group-is-layout-flow\">\n<figure class=\"wp-block-table is-style-stripes\"><table><tbody><tr><td><\/td><td>Start datum<\/td><td>Slut datum<\/td><\/tr><tr><td>G\u00e4sthamnen bemannad 17.00-18.00<\/td><td>2026-05-08 &#8211;<\/td><td>2026-06-04<\/td><\/tr><tr><td>G\u00e4sthamnen bemannad 17.00-19.00<\/td><td><strong>2026-06-05<\/strong>&#8211;<\/td><td><strong>2026-08-23<\/strong><\/td><\/tr><tr><td>G\u00e4sthamnen bemannad 17.00-18.00<\/td><td>2026-08-24 &#8211;<\/td><td>2026-09-19<\/td><\/tr><tr><td><\/td><td><\/td><td><\/td><\/tr><\/tbody><\/table><figcaption class=\"wp-element-caption\">Markera datum nedan i kalendern f\u00f6r de dagar du kan vara G\u00e4sthamnsv\u00e4rd.<br><\/figcaption><\/figure>\n<\/div><\/div>\n<\/div>\n<\/div>\n\n\n\n<div class=\"wp-block-group\"><div class=\"wp-block-group__inner-container is-layout-flow wp-block-group-is-layout-flow\">\n<div class=\"wp-block-group\"><div class=\"wp-block-group__inner-container is-layout-flow wp-block-group-is-layout-flow\">\n<details class=\"wp-block-details is-layout-flow wp-block-details-is-layout-flow\" open><summary><\/summary>\n<div class=\"wp-block-booking-booking\"> <div id=\"form_id135043934272\"  class=\"wpbc_container wpbc_form wpbc_container_booking_form  \" ><form  id=\"booking_form1\"   class=\"booking_form vertical\" method=\"post\" action=\"\"><div id=\"ajax_respond_insert1\" class=\"ajax_respond_insert\" style=\"display:none;\"><\/div><a name=\"bklnk1\" id=\"bklnk1\"><\/a><div id=\"booking_form_div1\" class=\"booking_form_div\"><div class=\"wpbc_booking_form_structure wpbc_vertical\">\r\n  <div class=\"wpbc_structure_calendar\">\r\n    <div class=\"wpbc_calendar_wraper wpbc_change_over_triangle\"><div class=\"bk_calendar_frame wpbc_no_custom_width  months_num_in_row_ cal_month_num_2 wpbc_timeslot_day_bg_as_available\" style=\"\"><div id=\"calendar_booking1\">Kalendern laddas...<\/div><\/div><textarea id=\"date_booking1\" name=\"date_booking1\" autocomplete=\"off\" style=\"display:none;\"><\/textarea><div class=\"block_hints datepick \"><div class=\"wpdev_hint_with_text\"><div class=\"block_free datepick-days-cell\"><a>&nbsp;<\/a><\/div><div class=\"block_text\">- <\/div><div class=\"block_text\">Tillg\u00e4nglig<\/div><\/div><div class=\"wpdev_hint_with_text\"><div class=\"block_booked date_approved\">&nbsp;<\/div><div class=\"block_text\">- <\/div><div class=\"block_text\">Bokad<\/div><\/div><div class=\"wpdev_hint_with_text\"><div class=\"block_pending date2approve\">&nbsp;<\/div><div class=\"block_text\">- <\/div><div class=\"block_text\">Reserverad<\/div><\/div><\/div><\/div>\r\n  <\/div>\r\n  <div class=\"wpbc_structure_form\">\r\n     <p>F\u00f6r- och Efternamn*:<br \/><span class=\"wpbc_wrap_text wpdev-form-control-wrap name1\"><input type=\"text\" name=\"name1\" value=\"\" autocomplete=\"name\" class=\"wpdev-validates-as-required\" size=\"40\" \/><\/span><\/p>\r\n     <p>E-post*:<br \/><span class=\"wpbc_wrap_text wpdev-form-control-wrap email1\"><input type=\"text\" name=\"email1\" value=\"\" autocomplete=\"email\" class=\"wpdev-validates-as-email wpdev-validates-as-required\" size=\"40\" \/><\/span><\/p>\r\n     <p>Telefon:<br \/><span class=\"wpbc_wrap_text wpdev-form-control-wrap phone1\"><input type=\"text\" name=\"phone1\" value=\"\" autocomplete=\"phone\" size=\"40\" \/><\/span><\/p>\r\n     <p><\/p>\r\n     <p><input type=\"button\" value=\"Skicka\" class=\"wpbc_button_light btn\" onclick=\"mybooking_submit(this.form,1, 'sv_SE' );\" \/><\/p>\r\n  <\/div>\r\n<\/div>\r\n<div class=\"wpbc_booking_form_footer\"><\/div><input id=\"bk_type1\" name=\"bk_type1\" class=\"\" type=\"hidden\" value=\"1\" \/><\/div><div id=\"submiting1\"><\/div><div class=\"form_bk_messages\" id=\"form_bk_messages1\" ><\/div><input type=\"hidden\" id=\"wpbc_nonceCALCULATE_THE_COST1\" name=\"wpbc_nonceCALCULATE_THE_COST1\" value=\"9885a4f6dc\" \/><input type=\"hidden\" name=\"_wp_http_referer\" value=\"\/index.php?rest_route=%2Fwp%2Fv2%2Fpages%2F38\" \/><\/form><\/div><div id=\"booking_form_garbage1\" class=\"booking_form_garbage\"><\/div><script type=\"text\/javascript\"> (function() { var a = setInterval( function() {  if ( ( 'undefined' === typeof jQuery ) || ! window.jQuery ) { return; } clearInterval( a ); jQuery( document ).ready( function (){ jQuery(\".widget_wpdev_booking .booking_form.form-horizontal\").removeClass(\"form-horizontal\");\n                                    var visible_calendars_count = _wpbc.get_other_param( \"calendars__on_this_page\" ).length;\n                                    if (visible_calendars_count !== null ) {\n                                        for (var i=0;i< visible_calendars_count ;i++){\n                                          if ( _wpbc.get_other_param( \"calendars__on_this_page\" )[i] === 1 ) {\n                                              document.getElementById(\"form_id135043934272\").innerHTML = \"<span style='color:#A00;font-size:10px;'>Warning! Booking calendar for this booking resource are already at the page, please check more about this issue at this page: https:\/\/wpbookingcalendar.com\/faq\/why-the-booking-calendar-widget-not-show-on-page\/<\/span>\";                                                                                                  \n                                              jQuery(\"#form_id135043934272\").animate( {opacity: 1}, 10000 ).fadeOut(5000);\n                                              return;\n                                          }\n                                        }\n                                        _wpbc.get_other_param( \"calendars__on_this_page\" )[ visible_calendars_count ]=1;\n                                    } } ); }, 500 ); })();<\/script> <script type=\"text\/javascript\"> (function() { var a = setInterval( function() {  if ( ( 'undefined' === typeof jQuery ) || ! window.jQuery ) { return; } clearInterval( a ); jQuery( document ).ready( function (){ _wpbc.balancer__set_max_threads( 3 );  _wpbc.calendar__set_param_value( 1 , 'calendar_scroll_to' , [ 2026,5 ] );  _wpbc.calendar__set_param_value( 1 , 'booking_max_monthes_in_calendar' , '7m' );  _wpbc.calendar__set_param_value( 1 , 'booking_start_day_weeek' , '1' );  _wpbc.calendar__set_param_value( 1 , 'calendar_number_of_months' , '2' );   _wpbc.calendar__set_param_value( 1, 'days_select_mode', 'multiple' );   _wpbc.calendar__set_param_value( 1, 'fixed__days_num', 0 );   _wpbc.calendar__set_param_value( 1, 'fixed__week_days__start',   [] );   _wpbc.calendar__set_param_value( 1, 'dynamic__days_min', 0 );   _wpbc.calendar__set_param_value( 1, 'dynamic__days_max', 0 );   _wpbc.calendar__set_param_value( 1, 'dynamic__days_specific',    [] );   _wpbc.calendar__set_param_value( 1, 'dynamic__week_days__start', [] );   _wpbc.calendar__set_param_value( 1, 'booking_date_format', 'Y-m-d' );   _wpbc.calendar__set_param_value( 1, 'booking_time_format', 'H:i' );   if ( 'function' === typeof ( wpbc__conditions__SAVE_INITIAL__days_selection_params__bm ) ){ wpbc__conditions__SAVE_INITIAL__days_selection_params__bm( 1 ); }   wpbc_calendar_show( '1' );   _wpbc.set_secure_param( 'nonce',   '15164f0c8f' );   _wpbc.set_secure_param( 'user_id', '0' );   _wpbc.set_secure_param( 'locale',  'sv_SE' );  wpbc_calendar__load_data__ajx( {\"resource_id\":1,\"booking_hash\":\"\",\"request_uri\":\"\\\/index.php?rest_route=%2Fwp%2Fv2%2Fpages%2F38\",\"custom_form\":\"standard\",\"aggregate_resource_id_str\":\"1,1\",\"aggregate_type\":\"all\"} ); } ); }, 500 ); })();<\/script><\/div>\n<\/details>\n<\/div><\/div>\n<\/div><\/div>\n","protected":false},"excerpt":{"rendered":"<p>Figeholms B\u00e5tklubb \u00f6ppnar sin g\u00e4sthamn och st\u00e4llplats den 8 maj och st\u00e4nger den 19 september. Under l\u00e5gs\u00e4songen \u00e4r g\u00e4sthamnen bemannad med en g\u00e4sthamnsv\u00e4rd mellan klockan 17.00-18.00. Under h\u00f6gs\u00e4songen bemannas hamnkontoret med g\u00e4sthamnsv\u00e4rd mellan klockan 17.00-19.00. V\u00e5ra b\u00e5tg\u00e4ster betalar i f\u00f6rsta hand med appen Dockspot och v\u00e5ra husbilsg\u00e4ster med appen Campingspot. I andra hand betalas avgiften&hellip; <a class=\"more-link\" href=\"https:\/\/fbkbat.synology.me\/?page_id=38\">Forts\u00e4tt l\u00e4sa <span class=\"screen-reader-text\">Anm\u00e4lan som g\u00e4sthamnsv\u00e4rd<\/span><\/a><\/p>\n","protected":false},"author":1,"featured_media":0,"parent":0,"menu_order":0,"comment_status":"closed","ping_status":"closed","template":"","meta":{"footnotes":""},"class_list":["post-38","page","type-page","status-publish","hentry","entry"],"_links":{"self":[{"href":"https:\/\/fbkbat.synology.me\/index.php?rest_route=\/wp\/v2\/pages\/38","targetHints":{"allow":["GET"]}}],"collection":[{"href":"https:\/\/fbkbat.synology.me\/index.php?rest_route=\/wp\/v2\/pages"}],"about":[{"href":"https:\/\/fbkbat.synology.me\/index.php?rest_route=\/wp\/v2\/types\/page"}],"author":[{"embeddable":true,"href":"https:\/\/fbkbat.synology.me\/index.php?rest_route=\/wp\/v2\/users\/1"}],"replies":[{"embeddable":true,"href":"https:\/\/fbkbat.synology.me\/index.php?rest_route=%2Fwp%2Fv2%2Fcomments&post=38"}],"version-history":[{"count":94,"href":"https:\/\/fbkbat.synology.me\/index.php?rest_route=\/wp\/v2\/pages\/38\/revisions"}],"predecessor-version":[{"id":886,"href":"https:\/\/fbkbat.synology.me\/index.php?rest_route=\/wp\/v2\/pages\/38\/revisions\/886"}],"wp:attachment":[{"href":"https:\/\/fbkbat.synology.me\/index.php?rest_route=%2Fwp%2Fv2%2Fmedia&parent=38"}],"curies":[{"name":"wp","href":"https:\/\/api.w.org\/{rel}","templated":true}]}}