{"id":476,"date":"2022-05-21T12:41:44","date_gmt":"2022-05-21T10:41:44","guid":{"rendered":"https:\/\/fbkbat.synology.me\/wordpress\/?page_id=476"},"modified":"2024-01-20T16:17:58","modified_gmt":"2024-01-20T15:17:58","slug":"adressandring","status":"publish","type":"page","link":"https:\/\/fbkbat.synology.me\/?page_id=476","title":{"rendered":"Adress\u00e4ndring"},"content":{"rendered":"\n<p>H\u00e4r kan du som klubbmedlem ange ny adress eller uppdaterade kontaktuppgifter. V\u00e4nligen meddela klubben dina nya uppgifter.<\/p>\n\n\n<div class=\"wpforms-container wpforms-container-full wpforms-block\" id=\"wpforms-470\"><form id=\"wpforms-form-470\" class=\"wpforms-validate wpforms-form wpforms-ajax-form\" data-formid=\"470\" method=\"post\" enctype=\"multipart\/form-data\" action=\"\/index.php?rest_route=%2Fwp%2Fv2%2Fpages%2F476\" data-token=\"601ae7da51872feebdb9b584582c2490\" data-token-time=\"1776872350\"><noscript class=\"wpforms-error-noscript\">Aktivera JavaScript i din webbl\u00e4sare f\u00f6r att fylla i formul\u00e4ret.<\/noscript><div class=\"wpforms-field-container\"><div id=\"wpforms-470-field_0-container\" class=\"wpforms-field wpforms-field-name\" data-field-id=\"0\"><label class=\"wpforms-field-label\" for=\"wpforms-470-field_0\">F\u00f6r- och Efternamn <span class=\"wpforms-required-label\">*<\/span><\/label><input type=\"text\" id=\"wpforms-470-field_0\" class=\"wpforms-field-medium wpforms-field-required\" name=\"wpforms[fields][0]\" required><\/div><div id=\"wpforms-470-field_4-container\" class=\"wpforms-field wpforms-field-email\" data-field-id=\"4\"><label class=\"wpforms-field-label\" for=\"wpforms-470-field_4\">E-post <span class=\"wpforms-required-label\">*<\/span><\/label><input type=\"email\" id=\"wpforms-470-field_4\" class=\"wpforms-field-medium wpforms-field-required\" name=\"wpforms[fields][4]\" spellcheck=\"false\" required><\/div><div id=\"wpforms-470-field_6-container\" class=\"wpforms-field wpforms-field-text\" data-field-id=\"6\"><label class=\"wpforms-field-label\" for=\"wpforms-470-field_6\">Telefonnummer<\/label><input type=\"text\" id=\"wpforms-470-field_6\" class=\"wpforms-field-small\" name=\"wpforms[fields][6]\" ><\/div><div id=\"wpforms-470-field_2-container\" class=\"wpforms-field wpforms-field-textarea wpforms-one-half wpforms-first\" data-field-id=\"2\"><label class=\"wpforms-field-label\" for=\"wpforms-470-field_2\">Gatuadress, Postnr och Ort <span class=\"wpforms-required-label\">*<\/span><\/label><textarea id=\"wpforms-470-field_2\" class=\"wpforms-field-medium wpforms-field-required\" name=\"wpforms[fields][2]\" required><\/textarea><\/div><\/div><!-- .wpforms-field-container --><div class=\"wpforms-submit-container\" ><input type=\"hidden\" name=\"wpforms[id]\" value=\"470\"><input type=\"hidden\" name=\"page_title\" value=\"\"><input type=\"hidden\" name=\"page_url\" value=\"https:\/\/fbkbat.synology.me\/index.php?rest_route=\/wp\/v2\/pages\/476\"><input type=\"hidden\" name=\"url_referer\" value=\"\"><button type=\"submit\" name=\"wpforms[submit]\" id=\"wpforms-submit-470\" class=\"wpforms-submit\" data-alt-text=\"Skickar ....\" data-submit-text=\"Skicka\" aria-live=\"assertive\" value=\"wpforms-submit\">Skicka<\/button><img loading=\"lazy\" decoding=\"async\" src=\"https:\/\/fbkbat.synology.me\/wp-content\/plugins\/wpforms-lite\/assets\/images\/submit-spin.svg\" class=\"wpforms-submit-spinner\" style=\"display: none;\" width=\"26\" height=\"26\" alt=\"Laddar\"><\/div><\/form><\/div>  <!-- .wpforms-container -->","protected":false},"excerpt":{"rendered":"<p>H\u00e4r kan du som klubbmedlem ange ny adress eller uppdaterade kontaktuppgifter. V\u00e4nligen meddela klubben dina nya uppgifter.<\/p>\n","protected":false},"author":1,"featured_media":0,"parent":0,"menu_order":0,"comment_status":"closed","ping_status":"closed","template":"","meta":{"footnotes":""},"class_list":["post-476","page","type-page","status-publish","hentry","entry"],"_links":{"self":[{"href":"https:\/\/fbkbat.synology.me\/index.php?rest_route=\/wp\/v2\/pages\/476","targetHints":{"allow":["GET"]}}],"collection":[{"href":"https:\/\/fbkbat.synology.me\/index.php?rest_route=\/wp\/v2\/pages"}],"about":[{"href":"https:\/\/fbkbat.synology.me\/index.php?rest_route=\/wp\/v2\/types\/page"}],"author":[{"embeddable":true,"href":"https:\/\/fbkbat.synology.me\/index.php?rest_route=\/wp\/v2\/users\/1"}],"replies":[{"embeddable":true,"href":"https:\/\/fbkbat.synology.me\/index.php?rest_route=%2Fwp%2Fv2%2Fcomments&post=476"}],"version-history":[{"count":3,"href":"https:\/\/fbkbat.synology.me\/index.php?rest_route=\/wp\/v2\/pages\/476\/revisions"}],"predecessor-version":[{"id":686,"href":"https:\/\/fbkbat.synology.me\/index.php?rest_route=\/wp\/v2\/pages\/476\/revisions\/686"}],"wp:attachment":[{"href":"https:\/\/fbkbat.synology.me\/index.php?rest_route=%2Fwp%2Fv2%2Fmedia&parent=476"}],"curies":[{"name":"wp","href":"https:\/\/api.w.org\/{rel}","templated":true}]}}