{"id":78,"date":"2021-12-10T09:40:10","date_gmt":"2021-12-10T08:40:10","guid":{"rendered":"http:\/\/figeholmsbatklubb.ddns.net\/?page_id=78"},"modified":"2022-04-09T21:16:18","modified_gmt":"2022-04-09T19:16:18","slug":"fbk-medlem","status":"publish","type":"page","link":"https:\/\/fbkbat.synology.me\/?page_id=78","title":{"rendered":"FBK f\u00f6rslag eller synpunkter"},"content":{"rendered":"\n<p>Finns det f\u00f6rb\u00e4ttringsf\u00f6rslag eller synpunkter eller andra \u00f6nskem\u00e5l om b\u00e5tklubbens verksamhet g\u00e5r det bra att framf\u00f6r dem h\u00e4r.<\/p>\n\n\n\n<p>Det uppskattas om l\u00e4mnat f\u00f6rslag signeras av utf\u00e4rdaren ifall det finns n\u00e5got i inneh\u00e5llet som kan beh\u00f6va kommuniceras men det g\u00e5r bra att \u00e4ven l\u00e4mna anonyma f\u00f6rslag i textf\u00e4ltet nedan utan e-postadress.<\/p>\n\n\n<div class=\"wpforms-container wpforms-container-full wpforms-block\" id=\"wpforms-236\"><form id=\"wpforms-form-236\" class=\"wpforms-validate wpforms-form wpforms-ajax-form\" data-formid=\"236\" method=\"post\" enctype=\"multipart\/form-data\" action=\"\/index.php?rest_route=%2Fwp%2Fv2%2Fpages%2F78\" data-token=\"be45e5c91c075a0af3d61aba04fd44b7\" data-token-time=\"1776884291\"><noscript class=\"wpforms-error-noscript\">Aktivera JavaScript i din webbl\u00e4sare f\u00f6r att fylla i formul\u00e4ret.<\/noscript><div class=\"wpforms-field-container\"><div id=\"wpforms-236-field_2-container\" class=\"wpforms-field wpforms-field-name\" data-field-id=\"2\"><label class=\"wpforms-field-label\" for=\"wpforms-236-field_2\">Namn (Frivilligt)<\/label><input type=\"text\" id=\"wpforms-236-field_2\" class=\"wpforms-field-medium\" name=\"wpforms[fields][2]\" ><\/div><div id=\"wpforms-236-field_3-container\" class=\"wpforms-field wpforms-field-email\" data-field-id=\"3\"><label class=\"wpforms-field-label\" for=\"wpforms-236-field_3\">E-post (Frivilligt)<\/label><input type=\"email\" id=\"wpforms-236-field_3\" class=\"wpforms-field-medium\" name=\"wpforms[fields][3]\" spellcheck=\"false\" ><\/div><div id=\"wpforms-236-field_1-container\" class=\"wpforms-field wpforms-field-textarea\" data-field-id=\"1\"><label class=\"wpforms-field-label\" for=\"wpforms-236-field_1\">F\u00f6rslag eller synpunkter p\u00e5 FBK verksamhet <span class=\"wpforms-required-label\">*<\/span><\/label><textarea id=\"wpforms-236-field_1\" class=\"wpforms-field-medium wpforms-field-required\" name=\"wpforms[fields][1]\" required><\/textarea><\/div><\/div><!-- .wpforms-field-container --><div class=\"wpforms-submit-container\" ><input type=\"hidden\" name=\"wpforms[id]\" value=\"236\"><input type=\"hidden\" name=\"page_title\" value=\"\"><input type=\"hidden\" name=\"page_url\" value=\"https:\/\/fbkbat.synology.me\/index.php?rest_route=\/wp\/v2\/pages\/78\"><input type=\"hidden\" name=\"url_referer\" value=\"\"><button type=\"submit\" name=\"wpforms[submit]\" id=\"wpforms-submit-236\" class=\"wpforms-submit\" data-alt-text=\"Skickar \u2026\" data-submit-text=\"Skicka\" aria-live=\"assertive\" value=\"wpforms-submit\">Skicka<\/button><img loading=\"lazy\" decoding=\"async\" src=\"https:\/\/fbkbat.synology.me\/wp-content\/plugins\/wpforms-lite\/assets\/images\/submit-spin.svg\" class=\"wpforms-submit-spinner\" style=\"display: none;\" width=\"26\" height=\"26\" alt=\"Laddar\"><\/div><\/form><\/div>  <!-- .wpforms-container -->\n\n\n<p>Inl\u00e4mnade f\u00f6rslag skickas normalt vidare till FBK styrelse om inte n\u00e5got specifikt angetts.<\/p>\n","protected":false},"excerpt":{"rendered":"<p>Finns det f\u00f6rb\u00e4ttringsf\u00f6rslag eller synpunkter eller andra \u00f6nskem\u00e5l om b\u00e5tklubbens verksamhet g\u00e5r det bra att framf\u00f6r dem h\u00e4r. Det uppskattas om l\u00e4mnat f\u00f6rslag signeras av utf\u00e4rdaren ifall det finns n\u00e5got i inneh\u00e5llet som kan beh\u00f6va kommuniceras men det g\u00e5r bra att \u00e4ven l\u00e4mna anonyma f\u00f6rslag i textf\u00e4ltet nedan utan e-postadress. Inl\u00e4mnade f\u00f6rslag skickas normalt vidare&hellip; <a class=\"more-link\" href=\"https:\/\/fbkbat.synology.me\/?page_id=78\">Forts\u00e4tt l\u00e4sa <span class=\"screen-reader-text\">FBK f\u00f6rslag eller synpunkter<\/span><\/a><\/p>\n","protected":false},"author":1,"featured_media":0,"parent":0,"menu_order":0,"comment_status":"closed","ping_status":"closed","template":"","meta":{"footnotes":""},"class_list":["post-78","page","type-page","status-publish","hentry","entry"],"_links":{"self":[{"href":"https:\/\/fbkbat.synology.me\/index.php?rest_route=\/wp\/v2\/pages\/78","targetHints":{"allow":["GET"]}}],"collection":[{"href":"https:\/\/fbkbat.synology.me\/index.php?rest_route=\/wp\/v2\/pages"}],"about":[{"href":"https:\/\/fbkbat.synology.me\/index.php?rest_route=\/wp\/v2\/types\/page"}],"author":[{"embeddable":true,"href":"https:\/\/fbkbat.synology.me\/index.php?rest_route=\/wp\/v2\/users\/1"}],"replies":[{"embeddable":true,"href":"https:\/\/fbkbat.synology.me\/index.php?rest_route=%2Fwp%2Fv2%2Fcomments&post=78"}],"version-history":[{"count":11,"href":"https:\/\/fbkbat.synology.me\/index.php?rest_route=\/wp\/v2\/pages\/78\/revisions"}],"predecessor-version":[{"id":241,"href":"https:\/\/fbkbat.synology.me\/index.php?rest_route=\/wp\/v2\/pages\/78\/revisions\/241"}],"wp:attachment":[{"href":"https:\/\/fbkbat.synology.me\/index.php?rest_route=%2Fwp%2Fv2%2Fmedia&parent=78"}],"curies":[{"name":"wp","href":"https:\/\/api.w.org\/{rel}","templated":true}]}}